{"id":1610,"date":"2026-03-18T09:28:25","date_gmt":"2026-03-18T09:28:25","guid":{"rendered":"https:\/\/lusterhomes.com\/services-2\/"},"modified":"2026-03-23T12:00:20","modified_gmt":"2026-03-23T12:00:20","slug":"services-2","status":"publish","type":"page","link":"https:\/\/lusterhomes.com\/es\/services-2\/","title":{"rendered":"Servicios"},"content":{"rendered":"<div class=\"wp-block-uagb-container uagb-block-92758601 default uagb-is-root-container\">\n<div class=\"wp-block-uagb-container uagb-block-8ed2340c\">\n<div class=\"wp-block-uagb-info-box uagb-block-83f3c3f0 uagb-infobox__content-wrap  uagb-infobox-icon-above-title uagb-infobox-image-valign-top\"><div class=\"uagb-ifb-content\"><div class=\"uagb-ifb-title-wrap\"><h2 class=\"uagb-ifb-title\"><strong>Limpieza Est\u00e1ndar<\/strong><\/h2><\/div><p class=\"uagb-ifb-desc\">Un servicio dise\u00f1ado para mantener tu hogar en perfectas condiciones de forma regular. Nos enfocamos en la organizaci\u00f3n, la limpieza general y el cuidado de cada espacio, asegurando un ambiente limpio, fresco y armonioso en el d\u00eda a d\u00eda.<\/p><div class=\"uagb-ifb-button-wrapper wp-block-button\"><a href=\"https:\/\/lusterhomes.com\/es\/contact-4\/\" class=\"uagb-infobox-cta-link ast-outline-button\" target=\"_self\" rel=\"noopener noreferrer\" style=\"border-width:revert-layer\" onclick=\"return true;\"><span class=\"uagb-inline-editing\">Contact<\/span><\/a><\/div><\/div><\/div>\n<\/div>\n\n\n\n<div class=\"wp-block-uagb-image uagb-block-704d8fd3 wp-block-uagb-image--layout-default wp-block-uagb-image--effect-static wp-block-uagb-image--align-none\"><figure class=\"wp-block-uagb-image__figure\"><img decoding=\"async\" srcset=\"https:\/\/lusterhomes.com\/wp-content\/uploads\/2026\/03\/ChatGPT-Image-20-mar-2026-15_32_52-1024x683.png ,https:\/\/lusterhomes.com\/wp-content\/uploads\/2026\/03\/ChatGPT-Image-20-mar-2026-15_32_52.png 780w, https:\/\/lusterhomes.com\/wp-content\/uploads\/2026\/03\/ChatGPT-Image-20-mar-2026-15_32_52.png 360w\" sizes=\"auto, (max-width: 480px) 150px\" src=\"https:\/\/lusterhomes.com\/wp-content\/uploads\/2026\/03\/ChatGPT-Image-20-mar-2026-15_32_52-1024x683.png\" alt=\"chatgpt image 20 mar 2026, 15 32 52\" class=\"uag-image-3086\" width=\"530\" height=\"355\" title=\"chatgpt image 20 mar 2026, 15 32 52\" loading=\"lazy\" role=\"img\"\/><\/figure><\/div>\n<\/div>\n\n\n\n<div class=\"wp-block-uagb-container uagb-block-0fa8dc87 alignfull uagb-is-root-container\"><div class=\"uagb-container-inner-blocks-wrap\">\n<div class=\"wp-block-uagb-image uagb-block-95ad5af2 wp-block-uagb-image--layout-default wp-block-uagb-image--effect-static wp-block-uagb-image--align-none\"><figure class=\"wp-block-uagb-image__figure\"><img decoding=\"async\" srcset=\"https:\/\/lusterhomes.com\/wp-content\/uploads\/2026\/03\/ChatGPT-Image-20-mar-2026-19_32_33-1024x683.png ,https:\/\/lusterhomes.com\/wp-content\/uploads\/2026\/03\/ChatGPT-Image-20-mar-2026-19_32_33.png 780w, https:\/\/lusterhomes.com\/wp-content\/uploads\/2026\/03\/ChatGPT-Image-20-mar-2026-19_32_33.png 360w\" sizes=\"auto, (max-width: 480px) 150px\" src=\"https:\/\/lusterhomes.com\/wp-content\/uploads\/2026\/03\/ChatGPT-Image-20-mar-2026-19_32_33-1024x683.png\" alt=\"chatgpt image 20 mar 2026, 19 32 33\" class=\"uag-image-3125\" width=\"1024\" height=\"682\" title=\"chatgpt image 20 mar 2026, 19 32 33\" loading=\"lazy\" role=\"img\"\/><\/figure><\/div>\n\n\n\n<div class=\"wp-block-uagb-container uagb-block-273f62cc\">\n<div class=\"wp-block-uagb-info-box uagb-block-f179cbd3 uagb-infobox__content-wrap  uagb-infobox-icon-above-title uagb-infobox-image-valign-top\"><div class=\"uagb-ifb-content\"><div class=\"uagb-ifb-title-wrap\"><h2 class=\"uagb-ifb-title\">Limpieza Profunda<\/h2><\/div><p class=\"uagb-ifb-desc\">Un servicio m\u00e1s exhaustivo y detallado, ideal para renovar por completo cada espacio. Trabajamos en profundidad cada superficie, llegando a zonas menos accesibles para lograr un resultado m\u00e1s intensivo, visible y duradero.<\/p><div class=\"uagb-ifb-button-wrapper wp-block-button\"><a href=\"https:\/\/lusterhomes.com\/es\/contact-4\/\" class=\"uagb-infobox-cta-link ast-outline-button\" target=\"_self\" rel=\"noopener noreferrer\" style=\"border-width:revert-layer\" onclick=\"return true;\"><span class=\"uagb-inline-editing\">Contact<\/span><\/a><\/div><\/div><\/div>\n<\/div>\n<\/div><\/div>\n\n\n\n<div class=\"wp-block-uagb-container uagb-block-a3c85d3f alignfull uagb-is-root-container\"><div class=\"uagb-container-inner-blocks-wrap\">\n<div class=\"wp-block-uagb-container uagb-block-4502a8bd\">\n<div class=\"wp-block-uagb-info-box uagb-block-109f07e7 uagb-infobox__content-wrap  uagb-infobox-icon-above-title uagb-infobox-image-valign-top\"><div class=\"uagb-ifb-content\"><div class=\"uagb-ifb-title-wrap\"><h2 class=\"uagb-ifb-title\">Limpieza de Alquiler Vacacional<\/h2><\/div><p class=\"uagb-ifb-desc\">Un servicio dise\u00f1ado para propiedades de corta estancia, enfocado en ofrecer una presentaci\u00f3n impecable para cada hu\u00e9sped. Nos aseguramos de que cada espacio est\u00e9 listo, bien cuidado y alineado con un est\u00e1ndar profesional que eleva la experiencia del hu\u00e9sped.<\/p><div class=\"uagb-ifb-button-wrapper wp-block-button\"><a href=\"https:\/\/lusterhomes.com\/es\/contact-4\/\" class=\"uagb-infobox-cta-link ast-outline-button\" target=\"_self\" rel=\"noopener noreferrer\" style=\"border-width:revert-layer\" onclick=\"return true;\"><span class=\"uagb-inline-editing\">Contact<\/span><\/a><\/div><\/div><\/div>\n<\/div>\n\n\n\n<div class=\"wp-block-uagb-image uagb-block-18897b0b wp-block-uagb-image--layout-default wp-block-uagb-image--effect-static wp-block-uagb-image--align-none\"><figure class=\"wp-block-uagb-image__figure\"><img decoding=\"async\" srcset=\"https:\/\/lusterhomes.com\/wp-content\/uploads\/2026\/03\/ChatGPT-Image-20-mar-2026-15_44_23-1024x683.png ,https:\/\/lusterhomes.com\/wp-content\/uploads\/2026\/03\/ChatGPT-Image-20-mar-2026-15_44_23.png 780w, https:\/\/lusterhomes.com\/wp-content\/uploads\/2026\/03\/ChatGPT-Image-20-mar-2026-15_44_23.png 360w\" sizes=\"auto, (max-width: 480px) 150px\" src=\"https:\/\/lusterhomes.com\/wp-content\/uploads\/2026\/03\/ChatGPT-Image-20-mar-2026-15_44_23-1024x683.png\" alt=\"chatgpt image 20 mar 2026, 15 44 23\" class=\"uag-image-3088\" width=\"1024\" height=\"682\" title=\"chatgpt image 20 mar 2026, 15 44 23\" loading=\"lazy\" role=\"img\"\/><\/figure><\/div>\n<\/div><\/div>","protected":false},"excerpt":{"rendered":"","protected":false},"author":1,"featured_media":0,"parent":0,"menu_order":0,"comment_status":"closed","ping_status":"closed","template":"","meta":{"_uag_custom_page_level_css":"","site-sidebar-layout":"no-sidebar","site-content-layout":"plain-container","ast-site-content-layout":"full-width-container","site-content-style":"unboxed","site-sidebar-style":"unboxed","ast-global-header-display":"","ast-banner-title-visibility":"","ast-main-header-display":"","ast-hfb-above-header-display":"","ast-hfb-below-header-display":"","ast-hfb-mobile-header-display":"","site-post-title":"disabled","ast-breadcrumbs-content":"","ast-featured-img":"disabled","footer-sml-layout":"","ast-disable-related-posts":"","theme-transparent-header-meta":"enabled","adv-header-id-meta":"","stick-header-meta":"","header-above-stick-meta":"","header-main-stick-meta":"","header-below-stick-meta":"","astra-migrate-meta-layouts":"set","ast-page-background-enabled":"default","ast-page-background-meta":{"desktop":{"background-color":"","background-image":"","background-repeat":"repeat","background-position":"center center","background-size":"auto","background-attachment":"scroll","background-type":"","background-media":"","overlay-type":"","overlay-color":"","overlay-opacity":"","overlay-gradient":""},"tablet":{"background-color":"","background-image":"","background-repeat":"repeat","background-position":"center center","background-size":"auto","background-attachment":"scroll","background-type":"","background-media":"","overlay-type":"","overlay-color":"","overlay-opacity":"","overlay-gradient":""},"mobile":{"background-color":"","background-image":"","background-repeat":"repeat","background-position":"center center","background-size":"auto","background-attachment":"scroll","background-type":"","background-media":"","overlay-type":"","overlay-color":"","overlay-opacity":"","overlay-gradient":""}},"ast-content-background-meta":{"desktop":{"background-color":"var(--ast-global-color-5)","background-image":"","background-repeat":"repeat","background-position":"center center","background-size":"auto","background-attachment":"scroll","background-type":"","background-media":"","overlay-type":"","overlay-color":"","overlay-opacity":"","overlay-gradient":""},"tablet":{"background-color":"var(--ast-global-color-5)","background-image":"","background-repeat":"repeat","background-position":"center center","background-size":"auto","background-attachment":"scroll","background-type":"","background-media":"","overlay-type":"","overlay-color":"","overlay-opacity":"","overlay-gradient":""},"mobile":{"background-color":"var(--ast-global-color-5)","background-image":"","background-repeat":"repeat","background-position":"center center","background-size":"auto","background-attachment":"scroll","background-type":"","background-media":"","overlay-type":"","overlay-color":"","overlay-opacity":"","overlay-gradient":""}},"footnotes":""},"class_list":["post-1610","page","type-page","status-publish","hentry"],"aioseo_notices":[],"_hostinger_reach_plugin_has_subscription_block":false,"_hostinger_reach_plugin_is_elementor":false,"uagb_featured_image_src":{"full":false,"thumbnail":false,"medium":false,"medium_large":false,"large":false,"1536x1536":false,"2048x2048":false,"trp-custom-language-flag":false},"uagb_author_info":{"display_name":"lucasphordoy@gmail.com","author_link":"https:\/\/lusterhomes.com\/es\/author\/lucasphordoygmail-com\/"},"uagb_comment_info":0,"uagb_excerpt":null,"_links":{"self":[{"href":"https:\/\/lusterhomes.com\/es\/wp-json\/wp\/v2\/pages\/1610","targetHints":{"allow":["GET"]}}],"collection":[{"href":"https:\/\/lusterhomes.com\/es\/wp-json\/wp\/v2\/pages"}],"about":[{"href":"https:\/\/lusterhomes.com\/es\/wp-json\/wp\/v2\/types\/page"}],"author":[{"embeddable":true,"href":"https:\/\/lusterhomes.com\/es\/wp-json\/wp\/v2\/users\/1"}],"replies":[{"embeddable":true,"href":"https:\/\/lusterhomes.com\/es\/wp-json\/wp\/v2\/comments?post=1610"}],"version-history":[{"count":14,"href":"https:\/\/lusterhomes.com\/es\/wp-json\/wp\/v2\/pages\/1610\/revisions"}],"predecessor-version":[{"id":3221,"href":"https:\/\/lusterhomes.com\/es\/wp-json\/wp\/v2\/pages\/1610\/revisions\/3221"}],"wp:attachment":[{"href":"https:\/\/lusterhomes.com\/es\/wp-json\/wp\/v2\/media?parent=1610"}],"curies":[{"name":"wp","href":"https:\/\/api.w.org\/{rel}","templated":true}]}}